{"id":17734,"date":"2018-07-11T17:03:07","date_gmt":"2018-07-11T14:03:07","guid":{"rendered":"http:\/\/chpantalya.com\/?page_id=17734"},"modified":"2024-06-05T14:11:59","modified_gmt":"2024-06-05T11:11:59","slug":"milletvekilleri","status":"publish","type":"page","link":"https:\/\/chpantalya.com\/?page_id=17734","title":{"rendered":"M\u0130LLETVEK\u0130LLER\u0130"},"content":{"rendered":"<h4 style=\"text-align: center;\">&nbsp;<\/h4>\n<p><a href=\"https:\/\/chpantalya.com\/wp-content\/uploads\/2023\/06\/4f085ea1-ee9a-4bca-ba85-01881f4cb764.png\"><img loading=\"lazy\" class=\"wp-image-26336 alignleft\" src=\"https:\/\/chpantalya.com\/wp-content\/uploads\/2023\/06\/4f085ea1-ee9a-4bca-ba85-01881f4cb764.png\" alt=\"\" width=\"184\" height=\"258\" srcset=\"https:\/\/chpantalya.com\/wp-content\/uploads\/2023\/06\/4f085ea1-ee9a-4bca-ba85-01881f4cb764.png 1500w, https:\/\/chpantalya.com\/wp-content\/uploads\/2023\/06\/4f085ea1-ee9a-4bca-ba85-01881f4cb764-768x1076.png 768w, https:\/\/chpantalya.com\/wp-content\/uploads\/2023\/06\/4f085ea1-ee9a-4bca-ba85-01881f4cb764-1096x1536.png 1096w, https:\/\/chpantalya.com\/wp-content\/uploads\/2023\/06\/4f085ea1-ee9a-4bca-ba85-01881f4cb764-1461x2048.png 1461w, https:\/\/chpantalya.com\/wp-content\/uploads\/2023\/06\/4f085ea1-ee9a-4bca-ba85-01881f4cb764-696x975.png 696w, https:\/\/chpantalya.com\/wp-content\/uploads\/2023\/06\/4f085ea1-ee9a-4bca-ba85-01881f4cb764-1392x1951.png 1392w, https:\/\/chpantalya.com\/wp-content\/uploads\/2023\/06\/4f085ea1-ee9a-4bca-ba85-01881f4cb764-1068x1497.png 1068w, https:\/\/chpantalya.com\/wp-content\/uploads\/2023\/06\/4f085ea1-ee9a-4bca-ba85-01881f4cb764-300x420.png 300w, https:\/\/chpantalya.com\/wp-content\/uploads\/2023\/06\/4f085ea1-ee9a-4bca-ba85-01881f4cb764-599x840.png 599w\" sizes=\"(max-width: 184px) 100vw, 184px\" \/><\/a><strong>AL\u0130YE CO\u015eAR ( Avukat )<\/strong><\/p>\n<p>22 Aral\u0131k 1976 Y\u0131l\u0131nda Isparta \u0130li\u2019nin Gelendost \u0130l\u00e7esi\u2019nde Do\u011fdu. Do\u011fu Akdeniz \u00dcniversitesi Hukuk Fak\u00fcltesi\u2019nden 2003 Y\u0131l\u0131nda \u015eeref Lisans Derecesiyle Mezun Oldu.<\/p>\n<p>2005 Y\u0131l\u0131ndan \u0130tibaren Antalya Barosu\u2019na Kay\u0131tl\u0131 Olarak Manavgat\u2019ta Serbest Avukatl\u0131k Yapmaktad\u0131r. Uzun Y\u0131llar Antalya Barosu\u2019nun Manavgat Kad\u0131n Haklar\u0131 Ve Toplumsal Cinsiyet E\u015fitli\u011fi Kurulu\u2019nda G\u00f6rev Ald\u0131. 2015, 2017 Ve 2019 Manavgat \u0130l\u00e7e Kongrelerinde \u0130l\u00e7e Ba\u015fkan\u0131 Se\u00e7ilerek 7 Y\u0131l Manavgat \u0130l\u00e7e Ba\u015fkanl\u0131\u011f\u0131 Yapt\u0131.2012-2015 Y\u0131llar\u0131 Aras\u0131nda 3.5 Y\u0131l \u0130l\u00e7e Y\u00f6netim Kurulu \u00dcyesi Olarak Hukuktan Ve Bili\u015fimden Sorumlu Ba\u015fkan Yard\u0131mc\u0131s\u0131 G\u00f6revlerinde Bulundu. 14-16 Eyl\u00fcl 2012 Tarihleri Aras\u0131nda Antalya\u2019da D\u00fczenlenen E\u011fitici E\u011fitimi Program\u0131\u2019na Kat\u0131larak Parti E\u011fitmeni Oldu. Cumhuriyet Halk Partisi\u2019nin 36. Ve 37. Ola\u011fan Kurultay\u0131\u2019nda Kurultay Delegesi Oldu.<\/p>\n<h3>&nbsp;<\/h3>\n<p><img loading=\"lazy\" class=\"wp-image-26337 alignright\" src=\"https:\/\/chpantalya.com\/wp-content\/uploads\/2023\/06\/349194629_1069994591078224_8603497213736716691_n.jpg\" alt=\"\" width=\"178\" height=\"245\" srcset=\"https:\/\/chpantalya.com\/wp-content\/uploads\/2023\/06\/349194629_1069994591078224_8603497213736716691_n.jpg 748w, https:\/\/chpantalya.com\/wp-content\/uploads\/2023\/06\/349194629_1069994591078224_8603497213736716691_n-696x958.jpg 696w, https:\/\/chpantalya.com\/wp-content\/uploads\/2023\/06\/349194629_1069994591078224_8603497213736716691_n-305x420.jpg 305w, https:\/\/chpantalya.com\/wp-content\/uploads\/2023\/06\/349194629_1069994591078224_8603497213736716691_n-610x840.jpg 610w\" sizes=\"(max-width: 178px) 100vw, 178px\" \/><strong>CAV\u0130T ARI ( Avukat )<\/strong><\/p>\n<p>1968 y\u0131l\u0131nda Antalya\u2019da do\u011fdu. \u0130stanbul \u00dcniversitesi Hukuk Fak\u00fcltesinden mezun olduktan sonra Antalya\u2019da serbest avukat olarak \u00e7al\u0131\u015f\u0131yor.<\/p>\n<p>2003 y\u0131l\u0131nda CHP\u2019de siyasete ba\u015flad\u0131. 2009 &#8211; 2014 y\u0131llar\u0131nda Antalya \u0130l Genel Meclisi Ba\u015fkan\u0131 olarak g\u00f6rev yapt\u0131. 2014 Se\u00e7imlerinde Antalya B\u00fcy\u00fck\u015fehir Belediye Ba\u015fkan\u0131 aday aday\u0131 oldu. 12 Ekim 2014 tarihinde se\u00e7ildi\u011fi CHP Antalya \u0130l Ba\u015fkanl\u0131\u011f\u0131 g\u00f6revinden milletvekilli\u011fi aday adayl\u0131\u011f\u0131 i\u00e7in istifa etti.<\/p>\n<p>7 Haziran 2015 Genel Se\u00e7imleri Cumhuriyet Halk Partisi 25. D\u00f6nem milletvekili aday\u0131 oldu. Evli ve 2 \u00e7ocuk babas\u0131.<\/p>\n\n\n<p><\/p>\n\n\n<p><img loading=\"lazy\" class=\"size-full wp-image-26338 alignleft\" src=\"https:\/\/chpantalya.com\/wp-content\/uploads\/2023\/06\/erdem.jpg\" alt=\"\" width=\"168\" height=\"233\" \/><\/p>\n<p><strong>MUSTAFA ERDEM\u00a0 ( <\/strong><strong>Serbest Muhasebeci Mali M\u00fc\u015favir)<\/strong><\/p>\n<p>1963 Antalya \u0130li Akseki \u0130l\u00e7esi G\u00fc\u00e7l\u00fck\u00f6y (Fersin) Do\u011fumlu. \u0130lk\u00f6\u011frenimimi G\u00fc\u00e7l\u00fck\u00f6y&#8217;de, Orta \u00d6\u011frenimimi Aksu \u00d6\u011fretmen Lisesi&#8217;nde Yat\u0131l\u0131 Olarak Tamamlad\u0131. Gazi \u00dcniversitesi \u0130ktisadi Ve \u0130dari Bilimler Fak\u00fcltesi \u0130\u015fletme B\u00f6l\u00fcm\u00fc&#8217;nden 1988 Y\u0131l\u0131nda Mezun Oldu.<\/p>\n<p>1999-2004 Y\u0131llar\u0131nda Cumhuriyet Halk Partisi Akseki G\u00fc\u00e7l\u00fck\u00f6y Belde Ba\u015fkanl\u0131\u011f\u0131 Ve Cumhuriyet Halk Partisi Belediye Meclis \u00dcyeli\u011fi G\u00f6revlerinde Bulundu. 2004-2005 Y\u0131llar\u0131nda Antalya Chp \u0130l Saymanl\u0131\u011f\u0131 G\u00f6revinde Bulundu. 2009 Yerel Se\u00e7imlerinde Se\u00e7im Komitesi \u00dcyesi Olarak G\u00f6rev Ald\u0131. <strong>\u00a0<\/strong>2015 Genel Se\u00e7imlerinde Milletvekili Aday Aday\u0131 Oldu. 2016 Y\u0131l\u0131nda Mevcut \u0130l Ba\u015fkan\u0131n\u0131n \u0130stifas\u0131 \u00dczerine Y\u00f6netim Kurulu \u00dcyelerinin Oy Birli\u011fi \u0130le \u0130l Ba\u015fkan\u0131 G\u00f6revini \u00dcstlendi. <strong>\u00a0<\/strong>2019 Y\u0131l\u0131nda Yap\u0131lan Yerel Se\u00e7imlerde \u0130l Se\u00e7im Komitesi Ba\u015fkanl\u0131\u011f\u0131 G\u00f6revini Y\u00fcr\u00fctt\u00fc. 1999 Y\u0131l\u0131ndan Bu Yana Antalya&#8217;da Mali M\u00fc\u015favir Olarak Serbest \u00c7al\u0131\u015f\u0131yor. Evli Ve \u0130ki \u00c7ocuk Babas\u0131<\/p>\n<p>\u00a0<\/p>\n<p><img loading=\"lazy\" class=\"wp-image-26339 alignright\" src=\"https:\/\/chpantalya.com\/wp-content\/uploads\/2023\/06\/1681499234791.jpg\" alt=\"\" width=\"176\" height=\"226\" srcset=\"https:\/\/chpantalya.com\/wp-content\/uploads\/2023\/06\/1681499234791.jpg 536w, https:\/\/chpantalya.com\/wp-content\/uploads\/2023\/06\/1681499234791-326x420.jpg 326w\" sizes=\"(max-width: 176px) 100vw, 176px\" \/><b>SURUR\u0130 \u00c7ORABATIR\u00a0 (Turizmci)<\/b><\/p>\n<p style=\"text-align: right;\">1966 Y\u0131l\u0131nda \u0130stanbul\u2019un \u00dcsk\u00fcdar \u0130l\u00e7esinde Do\u011fdum. Babam\u0131n Subay Olmas\u0131 Sebebi \u0130le \u0130stanbul, Edremit, K\u0131br\u0131s, Diyarbak\u0131r Ve Ankara \u0130llerinde \u0130lk, Orta Ve Lise E\u011fitim Hayat\u0131m\u0131 Tamamlad\u0131m. \u00dcniversite \u00d6\u011frenimine Devam Ederken \u0130\u015f Hayat\u0131ma \u00dclke Ekonomimizin En \u00d6nemli Sekt\u00f6rlerinden Turizm Sekt\u00f6r\u00fcn\u00fc Tercihi Ederek, 1984 Y\u0131l\u0131nda Ankara\u2019da Ba\u015flad\u0131m.<\/p>\n<p style=\"text-align: right;\">Manavgat Titreyeng\u00f6l Otelciler Birli\u011fi,\u00a0 Side Manavgat Otelciler Birli\u011fi, Evrenseki Otelciler Birli\u011fi, Matap Altyap\u0131 Birli\u011fi Kurucu Y\u00f6netim Kurulu \u00dcyeliklerini, Antalyaspor Y\u00f6netim Kurulu \u0130ki D\u00f6nem \u00dcyeli\u011fi Ve Akdeniz Turistik Otelciler Birli\u011fi Y\u00f6netim Kurulu Ba\u015fkanl\u0131\u011f\u0131 \u00dc\u00e7 D\u00f6nem Yapt\u0131m. T\u00fcrkiye Turizm Tan\u0131tma Ve Geli\u015ftirme Ajans\u0131 Dan\u0131\u015fma Kurulu \u00dcyeli\u011fi, T\u00fcrkiye Odalar Ve Borsalar Birli\u011fi Turizm Sekt\u00f6r Meclis Ba\u015fkanl\u0131\u011f\u0131\u2019n\u0131 3 Y\u0131ld\u0131r S\u00fcrd\u00fcrmekteyim. Ayn\u0131 Zamanda Polonya Cumhuriyeti Antalya Fahri Konsoloslu\u011fu G\u00f6revim 7 Y\u0131ld\u0131r Devam Etmektedir. Evli Ve \u00dc\u00e7 \u00c7ocuk Babas\u0131.<\/p>\n\n\n\n<p><img loading=\"lazy\" class=\" wp-image-27143 alignleft\" src=\"https:\/\/chpantalya.com\/wp-content\/uploads\/2024\/06\/6ce2b7a9-dbc8-4794-88a7-01881f4cbc28-1.png\" alt=\"\" width=\"238\" height=\"315\" srcset=\"https:\/\/chpantalya.com\/wp-content\/uploads\/2024\/06\/6ce2b7a9-dbc8-4794-88a7-01881f4cbc28-1.png 359w, https:\/\/chpantalya.com\/wp-content\/uploads\/2024\/06\/6ce2b7a9-dbc8-4794-88a7-01881f4cbc28-1-317x420.png 317w\" sizes=\"(max-width: 238px) 100vw, 238px\" \/><\/p>\n\n\n<p> <\/p>\n\n\n\n<p><strong>AYKUT KAYA <\/strong><\/p>\n\n\n\n<p>Kayseri \u2013 1978, Ali, Hamide.<\/p>\n\n\n\n<p>\u0130\u015f \u0130nsan\u0131; \u0130lk ve orta\u00f6\u011frenimini Antalya\u2019n\u0131n Manavgat il\u00e7esinde tamamlad\u0131. Anadolu \u00dcniversitesi \u0130\u015fletme B\u00f6l\u00fcm\u00fcn\u00fc bitirdi. Amerika\u2019da Baldwin-Wallace College\u2019da uluslararas\u0131 i\u015fletme alan\u0131nda y\u00fcksek lisans yapt\u0131.<\/p>\n\n\n\n<p>Yurt i\u00e7i ve yurt d\u0131\u015f\u0131nda b\u00fcy\u00fck \u00f6l\u00e7ekli in\u015faat projelerini y\u00fcr\u00fcten \u00f6zel bir \u015firketin genel m\u00fcd\u00fcrl\u00fc\u011f\u00fcn\u00fc \u00fcstlendi. 2016\u2019da kurdu\u011fu yabanc\u0131 ortakl\u0131 \u015firkette ba\u015fkan yard\u0131mc\u0131s\u0131 ve y\u00f6netim kurulu ba\u015fkan\u0131 olarak g\u00f6rev yapt\u0131.<\/p>\n\n\n\n<p>D\u0131\u015f Ekonomik \u0130li\u015fkiler Kurulunun (DE\u0130K) T\u00fcrkiye-Estonya \u0130\u015f Konseyi Ba\u015fkanl\u0131\u011f\u0131, T\u00fcrkiye-Norve\u00e7 \u0130\u015f Konseyi Ba\u015fkan Yard\u0131mc\u0131l\u0131\u011f\u0131, T\u00fcrkiye-\u0130rlanda \u0130\u015f Konseyi Ba\u015fkan Yard\u0131mc\u0131l\u0131\u011f\u0131, T\u00fcrkiye-Slovakya Y\u00f6netim Kurulu \u00dcyeli\u011fi ile T\u00fcrkiye-Suudi Arabistan \u0130\u015f Konseyi \u00dcyeli\u011fi g\u00f6revlerinde bulundu.<\/p>\n\n\n\n<p>\u0130yi d\u00fczeyde \u0130ngilizce ve orta d\u00fczeyde Almanca bilen Kaya, 2 \u00e7ocuk babas\u0131d\u0131r.<\/p>\n","protected":false},"excerpt":{"rendered":"<p>&nbsp; AL\u0130YE CO\u015eAR ( Avukat ) 22 Aral\u0131k 1976 Y\u0131l\u0131nda Isparta \u0130li\u2019nin Gelendost \u0130l\u00e7esi\u2019nde Do\u011fdu. Do\u011fu Akdeniz \u00dcniversitesi Hukuk Fak\u00fcltesi\u2019nden 2003 Y\u0131l\u0131nda \u015eeref Lisans Derecesiyle Mezun Oldu. 2005 Y\u0131l\u0131ndan \u0130tibaren Antalya Barosu\u2019na Kay\u0131tl\u0131 Olarak Manavgat\u2019ta Serbest Avukatl\u0131k Yapmaktad\u0131r. Uzun Y\u0131llar Antalya Barosu\u2019nun Manavgat Kad\u0131n Haklar\u0131 Ve Toplumsal Cinsiyet E\u015fitli\u011fi Kurulu\u2019nda G\u00f6rev Ald\u0131. 2015, 2017 Ve [&hellip;]<\/p>\n","protected":false},"author":1,"featured_media":0,"parent":0,"menu_order":0,"comment_status":"closed","ping_status":"closed","template":"","meta":[],"amp_enabled":true,"_links":{"self":[{"href":"https:\/\/chpantalya.com\/index.php?rest_route=\/wp\/v2\/pages\/17734"}],"collection":[{"href":"https:\/\/chpantalya.com\/index.php?rest_route=\/wp\/v2\/pages"}],"about":[{"href":"https:\/\/chpantalya.com\/index.php?rest_route=\/wp\/v2\/types\/page"}],"author":[{"embeddable":true,"href":"https:\/\/chpantalya.com\/index.php?rest_route=\/wp\/v2\/users\/1"}],"replies":[{"embeddable":true,"href":"https:\/\/chpantalya.com\/index.php?rest_route=%2Fwp%2Fv2%2Fcomments&post=17734"}],"version-history":[{"count":0,"href":"https:\/\/chpantalya.com\/index.php?rest_route=\/wp\/v2\/pages\/17734\/revisions"}],"wp:attachment":[{"href":"https:\/\/chpantalya.com\/index.php?rest_route=%2Fwp%2Fv2%2Fmedia&parent=17734"}],"curies":[{"name":"wp","href":"https:\/\/api.w.org\/{rel}","templated":true}]}}