{"id":68,"date":"2012-06-02T13:07:55","date_gmt":"2012-06-02T11:07:55","guid":{"rendered":"http:\/\/chpantalya.com\/?page_id=68"},"modified":"2019-04-02T12:46:51","modified_gmt":"2019-04-02T09:46:51","slug":"belediye-baskanlarimiz","status":"publish","type":"page","link":"https:\/\/chpantalya.com\/?page_id=68","title":{"rendered":"YEREL Y\u00d6NET\u0130MLER"},"content":{"rendered":"<p>G\u00dcNCELLEN\u0130YOR &#8230;<\/p>\n","protected":false},"excerpt":{"rendered":"<p>G\u00dcNCELLEN\u0130YOR &#8230;<\/p>\n","protected":false},"author":1,"featured_media":0,"parent":0,"menu_order":3,"comment_status":"closed","ping_status":"open","template":"","meta":[],"amp_enabled":true,"_links":{"self":[{"href":"https:\/\/chpantalya.com\/index.php?rest_route=\/wp\/v2\/pages\/68"}],"collection":[{"href":"https:\/\/chpantalya.com\/index.php?rest_route=\/wp\/v2\/pages"}],"about":[{"href":"https:\/\/chpantalya.com\/index.php?rest_route=\/wp\/v2\/types\/page"}],"author":[{"embeddable":true,"href":"https:\/\/chpantalya.com\/index.php?rest_route=\/wp\/v2\/users\/1"}],"replies":[{"embeddable":true,"href":"https:\/\/chpantalya.com\/index.php?rest_route=%2Fwp%2Fv2%2Fcomments&post=68"}],"version-history":[{"count":0,"href":"https:\/\/chpantalya.com\/index.php?rest_route=\/wp\/v2\/pages\/68\/revisions"}],"wp:attachment":[{"href":"https:\/\/chpantalya.com\/index.php?rest_route=%2Fwp%2Fv2%2Fmedia&parent=68"}],"curies":[{"name":"wp","href":"https:\/\/api.w.org\/{rel}","templated":true}]}}